{"id":18,"date":"2017-07-04T11:01:03","date_gmt":"2017-07-04T09:01:03","guid":{"rendered":"http:\/\/gt-couvertures.com\/?page_id=18"},"modified":"2021-11-15T11:19:50","modified_gmt":"2021-11-15T10:19:50","slug":"services","status":"publish","type":"page","link":"https:\/\/gt-couvertures.com\/index.php\/services\/","title":{"rendered":"Prestations"},"content":{"rendered":"<div id=\"pl-18\"  class=\"panel-layout\" ><div id=\"pg-18-0\"  class=\"panel-grid panel-no-style\" ><div id=\"pgc-18-0-0\"  class=\"panel-grid-cell\" ><div id=\"panel-18-0-0-0\" class=\"so-panel widget widget_sow-editor panel-first-child panel-last-child\" data-index=\"0\" ><div class=\"so-widget-sow-editor so-widget-sow-editor-base\"><h3 class=\"widget-title\">Sp\u00e9cialiste de la couverture et de la zinguerie<\/h3>\n<div class=\"siteorigin-widget-tinymce textwidget\">\n\t<p>La soci\u00e9t\u00e9 GT Couvertures vous propose tout d'abord un <a href=\"http:\/\/gt-couvertures.com\/index.php\/contact\">devis<\/a> gratuit pour une prestation de qualit\u00e9 dans le domaine de la couverture et\/ ou charpente et \/ ou zinguerie et \/ ou isolation.<\/p>\n<p>Ensuite, vous b\u00e9n\u00e9ficiez d'un accompagnement tout au long des travaux.<\/p>\n<\/div>\n<\/div><\/div><\/div><\/div><div id=\"pg-18-1\"  class=\"panel-grid panel-no-style\" ><div id=\"pgc-18-1-0\"  class=\"panel-grid-cell\" ><div id=\"panel-18-1-0-0\" class=\"so-panel widget widget_sow-image panel-first-child\" data-index=\"1\" ><div class=\"panel-widget-style panel-widget-style-for-18-1-0-0\" ><div class=\"so-widget-sow-image so-widget-sow-image-default-813df796d9b1\">\n\n<div class=\"sow-image-container\">\n<a href=\"http:\/\/gt-couvertures.com\/index.php\/photos-couverture\/\" >\t<img src=\"https:\/\/gt-couvertures.com\/wp-content\/uploads\/2021\/10\/Resized_21-4.jpg\" width=\"640\" height=\"480\" srcset=\"https:\/\/gt-couvertures.com\/wp-content\/uploads\/2021\/10\/Resized_21-4.jpg 640w, https:\/\/gt-couvertures.com\/wp-content\/uploads\/2021\/10\/Resized_21-4-300x225.jpg 300w\" sizes=\"(max-width: 640px) 100vw, 640px\" title=\"Couverture\" \t\tclass=\"so-widget-image\"\/>\n<\/a><\/div>\n\n<\/div><\/div><\/div><div id=\"panel-18-1-0-1\" class=\"so-panel widget widget_sow-editor panel-last-child\" data-index=\"2\" ><div class=\"panel-widget-style panel-widget-style-for-18-1-0-1\" ><div class=\"so-widget-sow-editor so-widget-sow-editor-base\"><h3 class=\"widget-title\">Couverture<\/h3>\n<div class=\"siteorigin-widget-tinymce textwidget\">\n\t<p>\u00a0<\/p>\n<ul>\n<li>Toiture en ardoises<\/li>\n<li>Remplacement des ardoises ab\u00eem\u00e9es<\/li>\n<li>Toiture en t\u00f4les<\/li>\n<li>Remplacement de t\u00f4les ab\u00eem\u00e9es<\/li>\n<li>Toiture en tuiles<\/li>\n<li>Remplacement de tuiles ab\u00eem\u00e9es<\/li>\n<li>Pose de v\u00e9lux<\/li>\n<li>Habillage de bandeaux<\/li>\n<li>D\u00e9moussage de toiture<\/li>\n<\/ul>\n<\/div>\n<\/div><\/div><\/div><\/div><div id=\"pgc-18-1-1\"  class=\"panel-grid-cell\" ><div id=\"panel-18-1-1-0\" class=\"so-panel widget widget_sow-image panel-first-child\" data-index=\"3\" ><div class=\"panel-widget-style panel-widget-style-for-18-1-1-0\" ><div class=\"so-widget-sow-image so-widget-sow-image-default-813df796d9b1\">\n\n<div class=\"sow-image-container\">\n<a href=\"http:\/\/gt-couvertures.com\/index.php\/photos-charpente\/\" >\t<img src=\"https:\/\/gt-couvertures.com\/wp-content\/uploads\/2017\/07\/PICT0025-768x576.jpg\" width=\"768\" height=\"576\" srcset=\"https:\/\/gt-couvertures.com\/wp-content\/uploads\/2017\/07\/PICT0025-768x576.jpg 768w, https:\/\/gt-couvertures.com\/wp-content\/uploads\/2017\/07\/PICT0025-300x225.jpg 300w, https:\/\/gt-couvertures.com\/wp-content\/uploads\/2017\/07\/PICT0025-1024x768.jpg 1024w\" sizes=\"(max-width: 768px) 100vw, 768px\" title=\"Charpente\" alt=\"travaux charpente\" \t\tclass=\"so-widget-image\"\/>\n<\/a><\/div>\n\n<\/div><\/div><\/div><div id=\"panel-18-1-1-1\" class=\"so-panel widget widget_sow-editor panel-last-child\" data-index=\"4\" ><div class=\"panel-widget-style panel-widget-style-for-18-1-1-1\" ><div class=\"so-widget-sow-editor so-widget-sow-editor-base\"><h3 class=\"widget-title\">Charpente<\/h3>\n<div class=\"siteorigin-widget-tinymce textwidget\">\n\t<p>\u00a0<\/p>\n<ul>\n<li>redressement de charpente<\/li>\n<li>restauration de charpente<\/li>\n<\/ul>\n<p><a href=\"http:\/\/gt-couvertures.com\">GARANTIE DECENNALE<\/a><\/p>\n<\/div>\n<\/div><\/div><\/div><\/div><div id=\"pgc-18-1-2\"  class=\"panel-grid-cell\" ><div id=\"panel-18-1-2-0\" class=\"so-panel widget widget_sow-image panel-first-child\" data-index=\"5\" ><div class=\"panel-widget-style panel-widget-style-for-18-1-2-0\" ><div class=\"so-widget-sow-image so-widget-sow-image-default-813df796d9b1\">\n\n<div class=\"sow-image-container\">\n<a href=\"http:\/\/gt-couvertures.com\/?page_id=561&#038;preview=true\" >\t<img src=\"https:\/\/gt-couvertures.com\/wp-content\/uploads\/2021\/11\/Resized_20210409_160837.jpg\" width=\"640\" height=\"480\" srcset=\"https:\/\/gt-couvertures.com\/wp-content\/uploads\/2021\/11\/Resized_20210409_160837.jpg 640w, https:\/\/gt-couvertures.com\/wp-content\/uploads\/2021\/11\/Resized_20210409_160837-300x225.jpg 300w\" sizes=\"(max-width: 640px) 100vw, 640px\" title=\"Zinguerie\" \t\tclass=\"so-widget-image\"\/>\n<\/a><\/div>\n\n<\/div><\/div><\/div><div id=\"panel-18-1-2-1\" class=\"so-panel widget widget_sow-editor panel-last-child\" data-index=\"6\" ><div class=\"panel-widget-style panel-widget-style-for-18-1-2-1\" ><div class=\"so-widget-sow-editor so-widget-sow-editor-base\"><h3 class=\"widget-title\">Zinguerie<\/h3>\n<div class=\"siteorigin-widget-tinymce textwidget\">\n\t\u00a0\n\n<ul><li>Etanch\u00e9it\u00e9 chemin\u00e9e<\/li><li>Couverture en zinc<\/li><li>Goutti\u00e8res en zinc<\/li><li>Noue en zinc<\/li><li>terrasse \u00e0 tasseaux \u00e0 joints debouts<\/li><\/ul><\/div>\n<\/div><\/div><\/div><\/div><div id=\"pgc-18-1-3\"  class=\"panel-grid-cell\" ><div id=\"panel-18-1-3-0\" class=\"so-panel widget widget_sow-image panel-first-child\" data-index=\"7\" ><div class=\"panel-widget-style panel-widget-style-for-18-1-3-0\" ><div class=\"so-widget-sow-image so-widget-sow-image-default-813df796d9b1\">\n\n<div class=\"sow-image-container\">\n<a href=\"http:\/\/gt-couvertures.com\/index.php\/photos-isolation\/\" >\t<img src=\"https:\/\/gt-couvertures.com\/wp-content\/uploads\/2017\/10\/bardage-768x576.jpg\" width=\"768\" height=\"576\" srcset=\"https:\/\/gt-couvertures.com\/wp-content\/uploads\/2017\/10\/bardage-768x576.jpg 768w, https:\/\/gt-couvertures.com\/wp-content\/uploads\/2017\/10\/bardage-300x225.jpg 300w, https:\/\/gt-couvertures.com\/wp-content\/uploads\/2017\/10\/bardage-1024x768.jpg 1024w, https:\/\/gt-couvertures.com\/wp-content\/uploads\/2017\/10\/bardage.jpg 1600w\" sizes=\"(max-width: 768px) 100vw, 768px\" title=\"Isolation\" alt=\"isolation bardage\" \t\tclass=\"so-widget-image\"\/>\n<\/a><\/div>\n\n<\/div><\/div><\/div><div id=\"panel-18-1-3-1\" class=\"so-panel widget widget_sow-editor panel-last-child\" data-index=\"8\" ><div class=\"panel-widget-style panel-widget-style-for-18-1-3-1\" ><div class=\"so-widget-sow-editor so-widget-sow-editor-base\"><h3 class=\"widget-title\">Isolation ext\u00e9rieure<\/h3>\n<div class=\"siteorigin-widget-tinymce textwidget\">\n\t<p>\u00a0<\/p>\n<ul>\n<li>Cr\u00e9ation de bardage<\/li>\n<li>R\u00e9novation de bardage<\/li>\n<\/ul>\n<\/div>\n<\/div><\/div><\/div><\/div><\/div><\/div>","protected":false},"excerpt":{"rendered":"<p>La soci\u00e9t\u00e9 GT Couvertures vous propose tout d&rsquo;abord un devis gratuit pour une prestation de qualit\u00e9 dans le domaine de la couverture et\/ ou charpente et \/ ou zinguerie et \/ ou isolation. Ensuite, vous b\u00e9n\u00e9ficiez d&rsquo;un accompagnement tout au &hellip; <a href=\"https:\/\/gt-couvertures.com\/index.php\/services\/\">Lire la suite\u00ad\u00ad<\/a><\/p>\n","protected":false},"author":1,"featured_media":0,"parent":0,"menu_order":0,"comment_status":"closed","ping_status":"closed","template":"","meta":[],"_links":{"self":[{"href":"https:\/\/gt-couvertures.com\/index.php\/wp-json\/wp\/v2\/pages\/18"}],"collection":[{"href":"https:\/\/gt-couvertures.com\/index.php\/wp-json\/wp\/v2\/pages"}],"about":[{"href":"https:\/\/gt-couvertures.com\/index.php\/wp-json\/wp\/v2\/types\/page"}],"author":[{"embeddable":true,"href":"https:\/\/gt-couvertures.com\/index.php\/wp-json\/wp\/v2\/users\/1"}],"replies":[{"embeddable":true,"href":"https:\/\/gt-couvertures.com\/index.php\/wp-json\/wp\/v2\/comments?post=18"}],"version-history":[{"count":113,"href":"https:\/\/gt-couvertures.com\/index.php\/wp-json\/wp\/v2\/pages\/18\/revisions"}],"predecessor-version":[{"id":1028,"href":"https:\/\/gt-couvertures.com\/index.php\/wp-json\/wp\/v2\/pages\/18\/revisions\/1028"}],"wp:attachment":[{"href":"https:\/\/gt-couvertures.com\/index.php\/wp-json\/wp\/v2\/media?parent=18"}],"curies":[{"name":"wp","href":"https:\/\/api.w.org\/{rel}","templated":true}]}}