{"id":13,"date":"2017-07-04T10:55:08","date_gmt":"2017-07-04T08:55:08","guid":{"rendered":"http:\/\/gt-couvertures.com\/?page_id=13"},"modified":"2023-07-18T09:03:25","modified_gmt":"2023-07-18T07:03:25","slug":"accueil","status":"publish","type":"page","link":"https:\/\/gt-couvertures.com\/","title":{"rendered":"Accueil"},"content":{"rendered":"<div id=\"pl-13\"  class=\"panel-layout\" ><div id=\"pg-13-0\"  class=\"panel-grid panel-no-style\" ><div id=\"pgc-13-0-0\"  class=\"panel-grid-cell panel-grid-cell-empty\" ><\/div><div id=\"pgc-13-0-1\"  class=\"panel-grid-cell\" ><div id=\"panel-13-0-1-0\" class=\"so-panel widget widget_sow-editor panel-first-child panel-last-child\" data-index=\"0\" ><div class=\"so-widget-sow-editor so-widget-sow-editor-base\">\n<div class=\"siteorigin-widget-tinymce textwidget\">\n\t<p>Bienvenue sur le site de la SAS GT COUVERTURES!<\/p>\n<p>Votre entreprise sp\u00e9cialis\u00e9e depuis plus de 30 ans dans les travaux\u00a0de <strong><a href=\"http:\/\/gt-couvertures.com\/index.php\/photos-couverture\">couverture<\/a>, <a href=\"http:\/\/gt-couvertures.com\/index.php\/photos-charpente\">charpente<\/a>, <a href=\"http:\/\/gt-couvertures.com\/index.php\/zinguerie\">zinguerie<\/a> <\/strong>et<a href=\"http:\/\/gt-couvertures.com\/index.php\/isolation\"><strong> isolation ext\u00e9rieure <\/strong><\/a>\u00e0 Mazingarbe.<\/p>\n<p>Nous vous proposons d'effectuer vos travaux que ce soit de la construction ou de la r\u00e9novation gr\u00e2ce \u00e0 notre savoir-faire et nos comp\u00e9tences reconnus \u00e0 travers toute la r\u00e9gion Nord-Pas-de-Calais.<\/p>\n<p>Nous vous garantissons un chantier propre, r\u00e9alis\u00e9 avec soin.<\/p>\n<p>N'h\u00e9sitez plus et contactez-nous pour obtenir plus de renseignements sur nos prestations, prendre rendez-vous ou encore \u00e9tablir un devis gratuit!<\/p>\n<h2>\u00a0<\/h2>\n<\/div>\n<\/div><\/div><\/div><\/div><div id=\"pg-13-1\"  class=\"panel-grid panel-no-style\" ><div id=\"pgc-13-1-0\"  class=\"panel-grid-cell\" ><div id=\"panel-13-1-0-0\" class=\"so-panel widget widget_media_image panel-first-child panel-last-child\" data-index=\"1\" ><h3 class=\"widget-title\">Qualification RGE<\/h3><img width=\"194\" height=\"300\" src=\"https:\/\/gt-couvertures.com\/wp-content\/uploads\/2017\/07\/certif-qualibat-194x300.png\" class=\"image wp-image-9  attachment-medium size-medium\" alt=\"logo RGE Qualibat\" loading=\"lazy\" style=\"max-width: 100%; height: auto;\" srcset=\"https:\/\/gt-couvertures.com\/wp-content\/uploads\/2017\/07\/certif-qualibat-194x300.png 194w, https:\/\/gt-couvertures.com\/wp-content\/uploads\/2017\/07\/certif-qualibat-e1499172932110.png 150w\" sizes=\"(max-width: 194px) 100vw, 194px\" \/><\/div><\/div><div id=\"pgc-13-1-1\"  class=\"panel-grid-cell\" ><div id=\"panel-13-1-1-0\" class=\"so-panel widget widget_sow-editor panel-first-child panel-last-child\" data-index=\"2\" ><div class=\"panel-widget-style panel-widget-style-for-13-1-1-0\" ><div class=\"so-widget-sow-editor so-widget-sow-editor-base\">\n<div class=\"siteorigin-widget-tinymce textwidget\">\n\t<p>En un clic, vous pouvez d\u00e9couvrir l'entreprise sp\u00e9cialis\u00e9e dans les travaux de couverture, charpente, zinguerie et isolation ext\u00e9rieure.<\/p>\n<p>Vous pouvez \u00e9galement d\u00e9couvrir quelques photos de chantiers r\u00e9alis\u00e9s par\u00a0<a href=\"http:\/\/gt-couvertures.com\/index.php\/contact\">Herv\u00e9 Goulois<\/a> et son \u00e9quipe qui interviennent sur le secteur de Givenchy-en-Gohelle, Vimy, Noeux les Mines, <strong>Lens<\/strong> et m\u00eame <strong>Arras<\/strong>.<\/p>\n<p>Equip\u00e9s, en autre, d'un <strong>manitou<\/strong>, ils vous offrent, ainsi, un<a href=\"http:\/\/gt-couvertures.com\/index.php\/services\"> r\u00e9sultat <\/a>durable et<strong> <a href=\"http:\/\/gt-couvertures.com\/index.php\/avis\">irr\u00e9prochable<\/a><\/strong>.<\/p>\n<p>N'h\u00e9sitez pas \u00e0 nous contacter pour plus de renseignements ou pour demander un devis gratuit afin de concr\u00e9tiser votre projet!<\/p>\n<\/div>\n<\/div><\/div><\/div><\/div><\/div><div id=\"pg-13-2\"  class=\"panel-grid panel-no-style\" ><div id=\"pgc-13-2-0\"  class=\"panel-grid-cell\" ><div id=\"panel-13-2-0-0\" class=\"so-panel widget widget_sow-editor panel-first-child panel-last-child\" data-index=\"3\" ><div class=\"so-widget-sow-editor so-widget-sow-editor-base\"><h3 class=\"widget-title\">La Couverture<\/h3>\n<div class=\"siteorigin-widget-tinymce textwidget\">\n\t<p>La SAS GT Couvertures situ\u00e9e \u00e0 Mazingarbe se charge de vos travaux de <a href=\"http:\/\/gt-couvertures.com\/index.php\/photos-couverture\"><strong>couverture<\/strong><\/a>.<\/p>\n<p>Nous nous d\u00e9pla\u00e7ons \u00e0 votre domicile dans un rayon de 100 km autour de Mazingarbe afin d'\u00e9tablir un <strong>devis gratuit<\/strong> en fonction de votre projet et de votre budget.<\/p>\n<p>Que ce soit une<strong> construction<\/strong> ou une <strong>r\u00e9novation<\/strong>, nous sommes \u00e0 votre \u00e9coute alors n'h\u00e9sitez pas \u00e0 nous contacter par t\u00e9l\u00e9phone ou formulaire de contact.<\/p>\n<\/div>\n<\/div><\/div><\/div><div id=\"pgc-13-2-1\"  class=\"panel-grid-cell\" ><div id=\"panel-13-2-1-0\" class=\"so-panel widget widget_sow-image panel-first-child panel-last-child\" data-index=\"4\" ><div class=\"so-widget-sow-image so-widget-sow-image-default-813df796d9b1\">\n\n<div class=\"sow-image-container\">\n\t<img src=\"https:\/\/gt-couvertures.com\/wp-content\/uploads\/2017\/10\/toiture-ardoises.jpg\" width=\"1600\" height=\"1200\" srcset=\"https:\/\/gt-couvertures.com\/wp-content\/uploads\/2017\/10\/toiture-ardoises.jpg 1600w, https:\/\/gt-couvertures.com\/wp-content\/uploads\/2017\/10\/toiture-ardoises-300x225.jpg 300w, https:\/\/gt-couvertures.com\/wp-content\/uploads\/2017\/10\/toiture-ardoises-768x576.jpg 768w, https:\/\/gt-couvertures.com\/wp-content\/uploads\/2017\/10\/toiture-ardoises-1024x768.jpg 1024w\" sizes=\"(max-width: 1600px) 100vw, 1600px\" title=\"toiture en ardoises\" alt=\"toiture en ardoises\" \t\tclass=\"so-widget-image\"\/>\n<\/div>\n\n<\/div><\/div><\/div><div id=\"pgc-13-2-2\"  class=\"panel-grid-cell\" ><div id=\"panel-13-2-2-0\" class=\"so-panel widget widget_sow-editor panel-first-child panel-last-child\" data-index=\"5\" ><div class=\"so-widget-sow-editor so-widget-sow-editor-base\"><h3 class=\"widget-title\">La Zinguerie<\/h3>\n<div class=\"siteorigin-widget-tinymce textwidget\">\n\t<p>Herv\u00e9 Goulois et son \u00e9quipe se charge de l'installation des <strong>\u00e9vacuations des eux pluviales<\/strong>, la <strong>pose de ch\u00e9neaux<\/strong> ou de <strong>goutti\u00e8res<\/strong>, etc. Nous sommes \u00e9galement \u00e0 votre service pour l'<strong>entretien<\/strong> et la <strong>r\u00e9paration<\/strong> de votre <a href=\"http:\/\/gt-couvertures.com\/index.php\/zinguerie\"><strong>zinguerie<\/strong><\/a>.<\/p>\n<p>Contactez-nous sans plus attendre pour plus amples informations sur nos r\u00e9alisations.<\/p>\n<p>Nous nous d\u00e9pla\u00e7ons \u00e0 votre domicile pour estimer le prix de vos travaux! Demandez un devis gratuit.<\/p>\n<\/div>\n<\/div><\/div><\/div><div id=\"pgc-13-2-3\"  class=\"panel-grid-cell\" ><div id=\"panel-13-2-3-0\" class=\"so-panel widget widget_media_image panel-first-child panel-last-child\" data-index=\"6\" ><img width=\"280\" height=\"300\" src=\"https:\/\/gt-couvertures.com\/wp-content\/uploads\/2023\/07\/IMG_23751-recadree-280x300.jpg\" class=\"image wp-image-1071  attachment-medium size-medium\" alt=\"\" loading=\"lazy\" style=\"max-width: 100%; height: auto;\" srcset=\"https:\/\/gt-couvertures.com\/wp-content\/uploads\/2023\/07\/IMG_23751-recadree-280x300.jpg 280w, https:\/\/gt-couvertures.com\/wp-content\/uploads\/2023\/07\/IMG_23751-recadree.jpg 596w\" sizes=\"(max-width: 280px) 100vw, 280px\" \/><\/div><\/div><\/div><div id=\"pg-13-3\"  class=\"panel-grid panel-no-style\" ><div id=\"pgc-13-3-0\"  class=\"panel-grid-cell\" ><div id=\"panel-13-3-0-0\" class=\"so-panel widget widget_sow-image panel-first-child panel-last-child\" data-index=\"7\" ><div class=\"so-widget-sow-image so-widget-sow-image-default-813df796d9b1\">\n\n<div class=\"sow-image-container\">\n\t<img src=\"https:\/\/gt-couvertures.com\/wp-content\/uploads\/2017\/07\/PICT0255.jpg\" width=\"3264\" height=\"2448\" srcset=\"https:\/\/gt-couvertures.com\/wp-content\/uploads\/2017\/07\/PICT0255.jpg 3264w, https:\/\/gt-couvertures.com\/wp-content\/uploads\/2017\/07\/PICT0255-300x225.jpg 300w, https:\/\/gt-couvertures.com\/wp-content\/uploads\/2017\/07\/PICT0255-768x576.jpg 768w, https:\/\/gt-couvertures.com\/wp-content\/uploads\/2017\/07\/PICT0255-1024x768.jpg 1024w\" sizes=\"(max-width: 3264px) 100vw, 3264px\" title=\"1174.,0,1,0,315,256,409,1,0,94,47,0,0,100,0,1963,1959,2168,96432\" \t\tclass=\"so-widget-image\"\/>\n<\/div>\n\n<\/div><\/div><\/div><div id=\"pgc-13-3-1\"  class=\"panel-grid-cell\" ><div id=\"panel-13-3-1-0\" class=\"so-panel widget widget_sow-editor panel-first-child panel-last-child\" data-index=\"8\" ><div class=\"so-widget-sow-editor so-widget-sow-editor-base\"><h3 class=\"widget-title\">La Charpente<\/h3>\n<div class=\"siteorigin-widget-tinymce textwidget\">\n\t<p><strong>GT Couvertures<\/strong> met tout son savoir-faire dans la remise en \u00e9tat de votre <a href=\"http:\/\/gt-couvertures.com\/index.php\/photos-charpente\"><strong>charpente<\/strong><\/a> aux alentours de <strong>Mazingarbe<\/strong>.<\/p>\n<p>Quelques soient vos envies, nous sommes \u00e0 votre service.<\/p>\n<p>N'h\u00e9sitez pas \u00e0 faire appel \u00e0 nos services afin de nous confier votre projet! Nous vous garantissons un travail soign\u00e9 et efficace.<\/p>\n<\/div>\n<\/div><\/div><\/div><div id=\"pgc-13-3-2\"  class=\"panel-grid-cell\" ><div id=\"panel-13-3-2-0\" class=\"so-panel widget widget_sow-image panel-first-child panel-last-child\" data-index=\"9\" ><div class=\"so-widget-sow-image so-widget-sow-image-default-813df796d9b1\">\n\n<div class=\"sow-image-container\">\n\t<img src=\"https:\/\/gt-couvertures.com\/wp-content\/uploads\/2021\/11\/Resized_20210127_142224-2.jpg\" width=\"502\" height=\"334\" srcset=\"https:\/\/gt-couvertures.com\/wp-content\/uploads\/2021\/11\/Resized_20210127_142224-2.jpg 502w, https:\/\/gt-couvertures.com\/wp-content\/uploads\/2021\/11\/Resized_20210127_142224-2-300x200.jpg 300w, https:\/\/gt-couvertures.com\/wp-content\/uploads\/2021\/11\/Resized_20210127_142224-2-272x182.jpg 272w\" sizes=\"(max-width: 502px) 100vw, 502px\" title=\"Resized_20210127_142224 (2)\" \t\tclass=\"so-widget-image\"\/>\n<\/div>\n\n<\/div><\/div><\/div><div id=\"pgc-13-3-3\"  class=\"panel-grid-cell\" ><div id=\"panel-13-3-3-0\" class=\"so-panel widget widget_sow-editor panel-first-child panel-last-child\" data-index=\"10\" ><div class=\"so-widget-sow-editor so-widget-sow-editor-base\"><h3 class=\"widget-title\">L&#039;Isolation <\/h3>\n<div class=\"siteorigin-widget-tinymce textwidget\">\n\t<div class=\"wpb_text_column \">\n<div class=\"wpb_wrapper\">\nVous avez besoin de professionnels pour la pose de votre isolation ext\u00e9rieure? Faites confiance \u00e0 GT Couvertures.<\/p>\n<p>Les bardeurs de GT Couvertures s\u2019engagent sur un travail de qualit\u00e9 respectant les r\u00e8gles de l\u2019art pour satisfaire votre demande en mati\u00e8re d'<a href=\"http:\/\/gt-couvertures.com\/index.php\/isolation\"><strong>isolation ext\u00e9rieure<\/strong><\/a>.<\/p>\n<p>Un devis gratuit est \u00e9tabli dans les meilleurs d\u00e9lais.<\/p>\n<\/div>\n<\/div>\n<\/div>\n<\/div><\/div><\/div><\/div><\/div>","protected":false},"excerpt":{"rendered":"<p>Bienvenue sur le site de la SAS GT COUVERTURES! Votre entreprise sp\u00e9cialis\u00e9e depuis plus de 30 ans dans les travaux\u00a0de couverture, charpente, zinguerie et isolation ext\u00e9rieure \u00e0 Mazingarbe. Nous vous proposons d&rsquo;effectuer vos travaux que ce soit de la construction &hellip; <a href=\"https:\/\/gt-couvertures.com\/\">Lire la suite\u00ad\u00ad<\/a><\/p>\n","protected":false},"author":1,"featured_media":0,"parent":0,"menu_order":0,"comment_status":"closed","ping_status":"closed","template":"page-fullwidth.php","meta":[],"_links":{"self":[{"href":"https:\/\/gt-couvertures.com\/index.php\/wp-json\/wp\/v2\/pages\/13"}],"collection":[{"href":"https:\/\/gt-couvertures.com\/index.php\/wp-json\/wp\/v2\/pages"}],"about":[{"href":"https:\/\/gt-couvertures.com\/index.php\/wp-json\/wp\/v2\/types\/page"}],"author":[{"embeddable":true,"href":"https:\/\/gt-couvertures.com\/index.php\/wp-json\/wp\/v2\/users\/1"}],"replies":[{"embeddable":true,"href":"https:\/\/gt-couvertures.com\/index.php\/wp-json\/wp\/v2\/comments?post=13"}],"version-history":[{"count":127,"href":"https:\/\/gt-couvertures.com\/index.php\/wp-json\/wp\/v2\/pages\/13\/revisions"}],"predecessor-version":[{"id":344,"href":"https:\/\/gt-couvertures.com\/index.php\/wp-json\/wp\/v2\/pages\/13\/revisions\/344"}],"wp:attachment":[{"href":"https:\/\/gt-couvertures.com\/index.php\/wp-json\/wp\/v2\/media?parent=13"}],"curies":[{"name":"wp","href":"https:\/\/api.w.org\/{rel}","templated":true}]}}