{"id":108,"date":"2017-07-04T11:09:47","date_gmt":"2017-07-04T09:09:47","guid":{"rendered":"http:\/\/gt-couvertures.com\/?page_id=108"},"modified":"2025-09-23T08:58:36","modified_gmt":"2025-09-23T06:58:36","slug":"avis","status":"publish","type":"page","link":"https:\/\/gt-couvertures.com\/index.php\/avis\/","title":{"rendered":"Avis"},"content":{"rendered":"<div id=\"pl-108\"  class=\"panel-layout\" ><div id=\"pg-108-0\"  class=\"panel-grid panel-no-style\" ><div id=\"pgc-108-0-0\"  class=\"panel-grid-cell\" ><div id=\"panel-108-0-0-0\" class=\"so-panel widget widget_sow-image panel-first-child\" data-index=\"0\" ><div class=\"so-widget-sow-image so-widget-sow-image-default-813df796d9b1\">\n\n<div class=\"sow-image-container\">\n\t<img src=\"https:\/\/gt-couvertures.com\/wp-content\/uploads\/2017\/07\/2016-10-11-aller-au-dela-du-formulaire_1120-e1500386958845.jpg\" width=\"150\" height=\"150\" sizes=\"(max-width: 150px) 100vw, 150px\" title=\"formulaire\" alt=\"image logo\" \t\tclass=\"so-widget-image\"\/>\n<\/div>\n\n<\/div><\/div><div id=\"panel-108-0-0-1\" class=\"so-panel widget widget_sow-editor panel-last-child\" data-index=\"1\" ><div class=\"so-widget-sow-editor so-widget-sow-editor-base\">\n<div class=\"siteorigin-widget-tinymce textwidget\">\n\t<p><strong>Votre avis sur la prestation nous int\u00e9resse, n'h\u00e9sitez pas \u00e0 nous \u00e9crire!<\/strong><\/p>\n<\/div>\n<\/div><\/div><\/div><div id=\"pgc-108-0-1\"  class=\"panel-grid-cell panel-grid-cell-mobile-last\" ><div id=\"panel-108-0-1-0\" class=\"so-panel widget widget_media_image panel-first-child panel-last-child\" data-index=\"2\" ><h3 class=\"widget-title\">Eglise de la Nativit\u00e9 \u00e0 Mazingarbe<\/h3><figure class=\"thumbnail wp-caption alignnone\" style=\"width: 300px\"><img width=\"300\" height=\"235\" src=\"https:\/\/gt-couvertures.com\/wp-content\/uploads\/2017\/08\/20170808_112412-1-300x235.jpg\" class=\"image wp-image-777  attachment-medium size-medium\" alt=\"La Voix du Nord \u00e0 Mazigarbe\" loading=\"lazy\" style=\"max-width: 100%; height: auto;\" srcset=\"https:\/\/gt-couvertures.com\/wp-content\/uploads\/2017\/08\/20170808_112412-1-300x235.jpg 300w, https:\/\/gt-couvertures.com\/wp-content\/uploads\/2017\/08\/20170808_112412-1-768x603.jpg 768w, https:\/\/gt-couvertures.com\/wp-content\/uploads\/2017\/08\/20170808_112412-1-1024x804.jpg 1024w\" sizes=\"(max-width: 300px) 100vw, 300px\" \/><figcaption class=\"caption wp-caption-text\">GT Couverture \u00e0 l'Eglise de la Nativit\u00e9 de Mazingarbe<\/figcaption><\/figure><\/div><\/div><div id=\"pgc-108-0-2\"  class=\"panel-grid-cell panel-grid-cell-empty\" ><\/div><\/div><div id=\"pg-108-1\"  class=\"panel-grid panel-no-style\" ><div id=\"pgc-108-1-0\"  class=\"panel-grid-cell\" ><div id=\"panel-108-1-0-0\" class=\"so-panel widget widget_sow-editor panel-first-child\" data-index=\"3\" ><div class=\"so-widget-sow-editor so-widget-sow-editor-base\">\n<div class=\"siteorigin-widget-tinymce textwidget\">\n\t<div role=\"form\" class=\"wpcf7\" id=\"wpcf7-f499-o1\" lang=\"fr-FR\" dir=\"ltr\">\n<div class=\"screen-reader-response\"><\/div>\n<form action=\"\/index.php\/wp-json\/wp\/v2\/pages\/108#wpcf7-f499-o1\" method=\"post\" class=\"wpcf7-form\" novalidate=\"novalidate\">\n<div style=\"display: none;\">\n<input type=\"hidden\" name=\"_wpcf7\" value=\"499\" \/><br \/>\n<input type=\"hidden\" name=\"_wpcf7_version\" value=\"4.9\" \/><br \/>\n<input type=\"hidden\" name=\"_wpcf7_locale\" value=\"fr_FR\" \/><br \/>\n<input type=\"hidden\" name=\"_wpcf7_unit_tag\" value=\"wpcf7-f499-o1\" \/><br \/>\n<input type=\"hidden\" name=\"_wpcf7_container_post\" value=\"0\" \/>\n<\/div>\n<p><label> Votre nom (obligatoire)<br \/>\n    <span class=\"wpcf7-form-control-wrap your-name\"><input type=\"text\" name=\"your-name\" value=\"\" size=\"40\" class=\"wpcf7-form-control wpcf7-text wpcf7-validates-as-required\" aria-required=\"true\" aria-invalid=\"false\" \/><\/span> <\/label><\/p>\n<p><label> Votre e-mail (obligatoire)<br \/>\n    <span class=\"wpcf7-form-control-wrap your-email\"><input type=\"email\" name=\"your-email\" value=\"\" size=\"40\" class=\"wpcf7-form-control wpcf7-text wpcf7-email wpcf7-validates-as-required wpcf7-validates-as-email\" aria-required=\"true\" aria-invalid=\"false\" \/><\/span> <\/label><\/p>\n<p><label> Votre message<br \/>\n    <span class=\"wpcf7-form-control-wrap your-message\"><textarea name=\"your-message\" cols=\"40\" rows=\"10\" class=\"wpcf7-form-control wpcf7-textarea\" aria-invalid=\"false\"><\/textarea><\/span> <\/label><\/p>\n<p><input type=\"submit\" value=\"Envoyer\" class=\"wpcf7-form-control wpcf7-submit\" \/><\/p>\n<div class=\"wpcf7-response-output wpcf7-display-none\"><\/div>\n<\/form>\n<\/div>\n<\/div>\n<\/div><\/div><div id=\"panel-108-1-0-1\" class=\"so-panel widget widget_sow-editor\" data-index=\"4\" ><div class=\"so-widget-sow-editor so-widget-sow-editor-base\">\n<div class=\"siteorigin-widget-tinymce textwidget\">\n\t<p>De : St\u00e9phane LOBEL le 20 septembre 2025<\/p>\n<div class=\"Jtu6Td\">\n<p>R\u00e9activit\u00e9 et travail bien fait<\/p>\n<div class=\"JRGY0\"><\/div>\n<\/div>\n<div class=\"hTt9T\"><\/div>\n<div><\/div>\n<\/div>\n<\/div><\/div><div id=\"panel-108-1-0-2\" class=\"so-panel widget widget_sow-editor\" data-index=\"5\" ><div class=\"so-widget-sow-editor so-widget-sow-editor-base\">\n<div class=\"siteorigin-widget-tinymce textwidget\">\n\t<p>De : Murielle D'HERBOMEZ le 30 avril 2025<\/p>\n<div class=\"Jtu6Td\">\n<p>Travail vraiment s\u00e9rieux et soign\u00e9. Je recommande \u00e0 100%.<\/p>\n<div class=\"JRGY0\"><\/div>\n<\/div>\n<div class=\"hTt9T\"><\/div>\n<div><\/div>\n<\/div>\n<\/div><\/div><div id=\"panel-108-1-0-3\" class=\"so-panel widget widget_sow-editor\" data-index=\"6\" ><div class=\"so-widget-sow-editor so-widget-sow-editor-base\">\n<div class=\"siteorigin-widget-tinymce textwidget\">\n\t<p>De : Patricia TENERELLI le 19 avril 2025<\/p>\n<div class=\"Jtu6Td\">\n<p>J'ai redemand\u00e9 pour la deuxi\u00e8me fois les services de cette entreprise.<\/p>\n<p>Le travail est soign\u00e9, je suis enchant\u00e9e.<\/p>\n<p>J'attends avec impatience mes deuxi\u00e8mes travaux pour finaliser la derni\u00e8re toiture de notre logement.<\/p>\n<div class=\"JRGY0\"><\/div>\n<\/div>\n<div class=\"hTt9T\"><\/div>\n<div><\/div>\n<\/div>\n<\/div><\/div><div id=\"panel-108-1-0-4\" class=\"so-panel widget widget_sow-editor\" data-index=\"7\" ><div class=\"so-widget-sow-editor so-widget-sow-editor-base\">\n<div class=\"siteorigin-widget-tinymce textwidget\">\n\t<p>De : Mathis EPERNON le 16 mars 2025<\/p>\n<div class=\"Jtu6Td\">\n<p>Une \u00e9quipe de professionnels qui est \u00e0 l'\u00e9coute de ses clients et bienveillante.<\/p>\n<p>Je recommande vivement la soci\u00e9t\u00e9 GT Couvertures pour son travail de qualit\u00e9 et la restitution d'une toiture et d'un chantier propre.<\/p>\n<p>Un GRAND merci aux \u00e9quipes.<\/p>\n<div class=\"JRGY0\"><\/div>\n<\/div>\n<div class=\"hTt9T\"><\/div>\n<div><\/div>\n<\/div>\n<\/div><\/div><div id=\"panel-108-1-0-5\" class=\"so-panel widget widget_sow-editor\" data-index=\"8\" ><div class=\"so-widget-sow-editor so-widget-sow-editor-base\">\n<div class=\"siteorigin-widget-tinymce textwidget\">\n\t<p>De : S\u00e9bastien SIMONEK 24 juin 2024<\/p>\n<div class=\"Jtu6Td\">\n<p>Equipe sympathique, tr\u00e8s professionnelle et tr\u00e8s rapide.<\/p>\n<p>Ils sont \u00e0 l'\u00e9coute du client et le respecte, ce qui n'est pas le cas de tous les couvreurs que j'ai pu contacter.<\/p>\n<p>C\u00e9dric et son \u00e9quipe ont refait ma toiture en une semaine malgr\u00e9 un petit incident (vite ma\u00eetris\u00e9) qui leur a fait perdre une journ\u00e9e.<\/p>\n<p>Encore merci pour la qualit\u00e9 du travail. Je recommande sans h\u00e9siter et ferai appel \u00e0 eux si besoin.<\/p>\n<div class=\"JRGY0\"><\/div>\n<\/div>\n<div class=\"hTt9T\"><\/div>\n<div><\/div>\n<\/div>\n<\/div><\/div><div id=\"panel-108-1-0-6\" class=\"so-panel widget widget_sow-editor\" data-index=\"9\" ><div class=\"so-widget-sow-editor so-widget-sow-editor-base\">\n<div class=\"siteorigin-widget-tinymce textwidget\">\n\t<p>De : Jean-Jacques CAPELLE<span class=\"f5axBf\" data-ved=\"2ahUKEwiQh9aLns__AhWIVaQEHUxvAJIQjSt6BAgBEDc\"><span tabindex=\"-1\" data-expandable-section=\"\"><span class=\"review-full-text\"> le 16 ao\u00fbt 2023<\/span><\/span><\/span><\/p>\n<div class=\"Jtu6Td\">Je tenais \u00e0 f\u00e9liciter la soci\u00e9t\u00e9 GT COUVERTURES de Mazingarbe pour les travaux effectu\u00e9s (changement total de la toiture avec isolation, goutti\u00e8res chang\u00e9es, r\u00e9fection des caches moineaux en PVC...,)<br \/>\nun travail hors pair, un professionnalisme sans faille, d'une grande correction, une \u00e9quipe connaissant son travail ; les dates des travaux ont \u00e9t\u00e9 respect\u00e9es ; une facture conforme au devis (le meilleur devis re\u00e7u pour une m\u00eame prestation).<\/div>\n<div class=\"Jtu6Td\">Bravo \u00e0 toute l'\u00e9quipe avec des valeurs du travail bien fait - chantier suivi de tr\u00e8s pr\u00e8s par MR GOULOIS, que dire de plus vous pouvez faire confiance les yeux ferm\u00e9s.<\/div>\n<div class=\"Jtu6Td\">MR CAPELLE Jean-Jacques\u00a0<\/p>\n<div class=\"JRGY0\"><\/div>\n<\/div>\n<div class=\"hTt9T\"><\/div>\n<div><\/div>\n<\/div>\n<\/div><\/div><div id=\"panel-108-1-0-7\" class=\"so-panel widget widget_sow-editor\" data-index=\"10\" ><div class=\"so-widget-sow-editor so-widget-sow-editor-base\">\n<div class=\"siteorigin-widget-tinymce textwidget\">\n\t<p>De : <span class=\"f5axBf\" data-ved=\"2ahUKEwiQh9aLns__AhWIVaQEHUxvAJIQjSt6BAgBEDc\"><span tabindex=\"-1\" data-expandable-section=\"\"><span class=\"review-full-text\">Patrick NOSZCZYNSKI le 16 juin 2023<\/span><\/span><\/span><\/p>\n<div class=\"Jtu6Td\"><span class=\"f5axBf\" data-ved=\"2ahUKEwiQh9aLns__AhWIVaQEHUxvAJIQjSt6BAgBEDc\"><span class=\"f5axBf\" data-ved=\"2ahUKEwiQh9aLns__AhWIVaQEHUxvAJIQjSt6BAgBEDc\"><span tabindex=\"-1\" data-expandable-section=\"\"><span class=\"review-full-text\">Je recommande les services de M. GOULOIS \u00e0 200%.<br \/>\nSon entreprise est intervenue chez moi suite \u00e0 un abandon de chantier : il a tout mis en \u0153uvre pour reprendre le chantier en main d'une fa\u00e7on tr\u00e8s professionnelle.<br \/>\nEntreprise familiale, tr\u00e8s r\u00e9active, honn\u00eate et avec des valeurs chose rare de nos jours.<br \/>\nEncore une fois merci \u00e0 vous et toute votre \u00e9quipe pour la qualit\u00e9 de vos services.<\/span><\/span><\/span><\/span>&nbsp;<\/p>\n<div class=\"JRGY0\"><b class=\"YQwAz\">Services\u00a0:<\/b><span class=\"h5vETc\">\u00a0Installation de goutti\u00e8res,\u00a0R\u00e9paration de dommages aux toitures<\/span><\/div>\n<\/div>\n<div class=\"hTt9T\"><\/div>\n<div><\/div>\n<\/div>\n<\/div><\/div><div id=\"panel-108-1-0-8\" class=\"so-panel widget widget_sow-editor\" data-index=\"11\" ><div class=\"so-widget-sow-editor so-widget-sow-editor-base\">\n<div class=\"siteorigin-widget-tinymce textwidget\">\n\t<p>De : DUBOIS Perrine 17 mars 2023<\/p>\n<p>Ma toiture maison a \u00e9t\u00e9 r\u00e9alis\u00e9e par une \u00e9quipe tr\u00e8s professionnelle, efficace, consciencieuse et sympathique. Travail soign\u00e9, r\u00e9sultat impeccable dans un d\u00e9lai record.\u00a0 Merci. Je recommande cette entreprise sans h\u00e9sitation.<\/p>\n<\/div>\n<\/div><\/div><div id=\"panel-108-1-0-9\" class=\"so-panel widget widget_sow-editor\" data-index=\"12\" ><div class=\"so-widget-sow-editor so-widget-sow-editor-base\">\n<div class=\"siteorigin-widget-tinymce textwidget\">\n\t<p>De : POTIER Thomas le 31 janvier 2023<\/p>\n<p>Tr\u00e8s bonne \u00e9quipe, s\u00e9rieuse et sympathique. M. GOULOIS passe r\u00e9guli\u00e8rement pour surveiller le chantier. Travaux r\u00e9alis\u00e9s en un temps record (toiture maison, toiture garage en bac acier, caches moineaux et goutti\u00e8res en 3 jours). Je recommande les yeux ferm\u00e9s cette entreprise.<\/p>\n<\/div>\n<\/div><\/div><div id=\"panel-108-1-0-10\" class=\"so-panel widget widget_sow-editor\" data-index=\"13\" ><div class=\"so-widget-sow-editor so-widget-sow-editor-base\">\n<div class=\"siteorigin-widget-tinymce textwidget\">\n\t<p>De : Mathis Epernon le 25 janvier 2023<\/p>\n<p>Une \u00e9quipe de professionnels qui est \u00e0 l'\u00e9coute de ses clients et bienveillante. Je recommande vivement la soci\u00e9t\u00e9 GT COUVERTURES pour son travail de qualit\u00e9 et la restitution d'une toiture et d'un chantier propre.<\/p>\n<p>Un GRAND merci aux \u00e9quipes.<\/p>\n<\/div>\n<\/div><\/div><div id=\"panel-108-1-0-11\" class=\"so-panel widget widget_sow-editor\" data-index=\"14\" ><div class=\"so-widget-sow-editor so-widget-sow-editor-base\">\n<div class=\"siteorigin-widget-tinymce textwidget\">\n\t<p>De : Laura Helie\u00a0 le 05 novembre 2022<\/p>\n<p>Equipe au top venue chez moi \u00e0 Loos en Gohelle ce jour, je recommande, personnes agr\u00e9ables et avec le sourire. Je recommande fortement cette soci\u00e9t\u00e9.<\/p>\n<\/div>\n<\/div><\/div><div id=\"panel-108-1-0-12\" class=\"so-panel widget widget_sow-editor\" data-index=\"15\" ><div class=\"so-widget-sow-editor so-widget-sow-editor-base\">\n<div class=\"siteorigin-widget-tinymce textwidget\">\n\t<p>De : Julia le 30 ao\u00fbt 2022<\/p>\n<p>Changement de toiture nickel, \u00e9quipe \u00e0 l'\u00e9coute, d\u00e9lai respect\u00e9, travail professionnel ! Je recommande!<\/p>\n<\/div>\n<\/div><\/div><div id=\"panel-108-1-0-13\" class=\"so-panel widget widget_sow-editor\" data-index=\"16\" ><div class=\"so-widget-sow-editor so-widget-sow-editor-base\">\n<div class=\"siteorigin-widget-tinymce textwidget\">\n\t<p>De : Mme TIRLOT Alberte le 24 ao\u00fbt 2022<\/p>\n<p>Une \u00e9quipe tr\u00e8s professionnelle, tr\u00e8s sympathique et les finitions sont \u00e9galement parfaites. merci \u00e0 toute l'\u00e9quipe.<\/p>\n<\/div>\n<\/div><\/div><div id=\"panel-108-1-0-14\" class=\"so-panel widget widget_sow-editor\" data-index=\"17\" ><div class=\"so-widget-sow-editor so-widget-sow-editor-base\">\n<div class=\"siteorigin-widget-tinymce textwidget\">\n\t<p>De : Mme DELELIS V\u00e9ronique le 9 juillet 2022<\/p>\n<p>Tr\u00e8s bonne entreprise. Equipe professionnelle r\u00e9active \u00e0 l'\u00e9coute de ses clients. Tr\u00e8s bon travail.<\/p>\n<\/div>\n<\/div><\/div><div id=\"panel-108-1-0-15\" class=\"so-panel widget widget_sow-editor\" data-index=\"18\" ><div class=\"so-widget-sow-editor so-widget-sow-editor-base\">\n<div class=\"siteorigin-widget-tinymce textwidget\">\n\t<p>De : M. MONTUELLE Fr\u00e9d\u00e9ric le 16 janvier 2022<\/p>\n<p>Tr\u00e8s bonne entreprise. L'\u00e9quipe est s\u00e9rieuse et bien sympathique. M. GOULOIS passe r\u00e9guli\u00e8rement pour surveiller le chantier. Travaux r\u00e9alis\u00e9s dans les d\u00e9lais convenus et chantier rendu tr\u00e8s propre. Je recommande cette entreprise.<\/p>\n<\/div>\n<\/div><\/div><div id=\"panel-108-1-0-16\" class=\"so-panel widget widget_sow-editor\" data-index=\"19\" ><div class=\"so-widget-sow-editor so-widget-sow-editor-base\">\n<div class=\"siteorigin-widget-tinymce textwidget\">\n\t<p>De : Mme MONTUELLE Isabelle le 13 janvier 2022<\/p>\n<p>Chantier de couverture r\u00e9alis\u00e9 dans les d\u00e9lais par une \u00e9quipe bien sympathique et tr\u00e8s professionnelle. M. GOULOIS passe tr\u00e8s r\u00e9guli\u00e8rement pour le suivi de chantier. Je recommande vivement l'entreprise GT Couverture (chantier de toitures de ferme en tuiles noires brillantes \u00e0 Vermelles). Octobre 2021.<\/p>\n<\/div>\n<\/div><\/div><div id=\"panel-108-1-0-17\" class=\"so-panel widget widget_sow-editor\" data-index=\"20\" ><div class=\"so-widget-sow-editor so-widget-sow-editor-base\">\n<div class=\"siteorigin-widget-tinymce textwidget\">\n\t<p>De : M. LEROY le 19 novembre 2021<\/p>\n<p>Tr\u00e8s bon travail g\u00e9r\u00e9 par une bonne \u00e9quipe dynamique et efficace<br \/>\nTr\u00e8s bon suivi des travaux par le patron<br \/>\nJe suis tr\u00e8s satisfait de GT couvertures<br \/>\nMerci \u00e0 vous<\/p>\n<\/div>\n<\/div><\/div><div id=\"panel-108-1-0-18\" class=\"so-panel widget widget_sow-editor\" data-index=\"21\" ><div class=\"so-widget-sow-editor so-widget-sow-editor-base\">\n<div class=\"siteorigin-widget-tinymce textwidget\">\n\t<p>De : M. LAVOINE le 8 novembre 2021<\/p>\n<p>Rapidit\u00e9, efficacit\u00e9, travail propre et rapide avec une \u00e9quipe efficace.<br \/>\nd\u00e9lai respect\u00e9, je recommande pour le professionnalisme.<\/p>\n<\/div>\n<\/div><\/div><div id=\"panel-108-1-0-19\" class=\"so-panel widget widget_sow-editor\" data-index=\"22\" ><div class=\"so-widget-sow-editor so-widget-sow-editor-base\">\n<div class=\"siteorigin-widget-tinymce textwidget\">\n\t<p>De : Patrick KEDZIA le 12 octobre 2021<\/p>\n<p>Pour la pose d'un bardage sur un pignon, entreprise efficace tant sur le timing respect\u00e9 que sur la qualit\u00e9 de l'ouvrage.<\/p>\n<\/div>\n<\/div><\/div><div id=\"panel-108-1-0-20\" class=\"so-panel widget widget_sow-editor\" data-index=\"23\" ><div class=\"so-widget-sow-editor so-widget-sow-editor-base\">\n<div class=\"siteorigin-widget-tinymce textwidget\">\n\t<p>De : Guillaume Pollet le 5 juillet 2021<\/p>\n<p>Aspects positifs : Ponctualit\u00e9, Professionnalisme, Qualit\u00e9, Rapport qualit\u00e9-prix, R\u00e9activit\u00e9<\/p>\n<p>Bonne entreprise je vous le conseille<\/p>\n<\/div>\n<\/div><\/div><div id=\"panel-108-1-0-21\" class=\"so-panel widget widget_sow-editor\" data-index=\"24\" ><div class=\"so-widget-sow-editor so-widget-sow-editor-base\">\n<div class=\"siteorigin-widget-tinymce textwidget\">\n\t<p>De\u00a0Mr et Mme Trzebowski Jean-Pierre Le 26 juillet 2020<\/p>\n<p>Du patron \u00e0 l'apprenti, \u00e9quipe s\u00e9rieuse et tr\u00e8s professionnelle. Travail propre et de qualit\u00e9. Merci \u00e0 Ludo, Kevin et Dylan et plus particuli\u00e8rement \u00e0 Christophe et Quentin. Aucune mauvaise surprise avec cette entreprise que je vous conseille fortement.<br \/>\nUn grand MERCI \u00e0 vous tous, sans oublier Madame Goulois.<\/p>\n<\/div>\n<\/div><\/div><div id=\"panel-108-1-0-22\" class=\"so-panel widget widget_sow-editor\" data-index=\"25\" ><div class=\"so-widget-sow-editor so-widget-sow-editor-base\">\n<div class=\"siteorigin-widget-tinymce textwidget\">\n\t<p>De: Darl\u00e8ne\u00a0 MILLON 10 octobre 2020<\/p>\n<p>Une \u00e9quipe d'ouvriers dynamiques tr\u00e8s comp\u00e9tents et appliqu\u00e9s. Les responsables sont \u00e0 votre \u00e9coute. Les devis sont rapides et les prix sont tr\u00e8s corrects. Enti\u00e8rement satisfaite du r\u00e9sultat, je recommande vivement cette entreprise.<\/p>\n<\/div>\n<\/div><\/div><div id=\"panel-108-1-0-23\" class=\"so-panel widget widget_sow-editor\" data-index=\"26\" ><div class=\"so-widget-sow-editor so-widget-sow-editor-base\">\n<div class=\"siteorigin-widget-tinymce textwidget\">\n\t<p>De: Emilie Henriques Le 29 juin 2020<\/p>\n<p>Changement de toiture et isolation combles juin 2020: tr\u00e8s satisfaite du r\u00e9sultat. Tr\u00e8s bon rapport qualit\u00e9-prix, compar\u00e9 \u00e0 d'autres devis, les mat\u00e9riaux sont de meilleurs qualit\u00e9s pour pas plus ch\u00e8re.... Tr\u00e8s efficace, car travaux r\u00e9alis\u00e9s en 4 jours seulement. Responsables tr\u00e8s disponibles...<\/p>\n<p>Tr\u00e8s bonne exp\u00e9rience, travail de qualit\u00e9 et rapide. Personnel sympathique et surtout pro. Je recommande \u00e0 100% !<\/p>\n<\/div>\n<\/div><\/div><div id=\"panel-108-1-0-24\" class=\"so-panel widget widget_sow-editor\" data-index=\"27\" ><div class=\"so-widget-sow-editor so-widget-sow-editor-base\">\n<div class=\"siteorigin-widget-tinymce textwidget\">\n\t<p>De: isalaureregner Le 24 juin 2020<\/p>\n<p>Entreprise s\u00e9rieuse a l'\u00e9coute du client ouvriers respectueux s\u00e9rieux tr\u00e8s bon travail avec belle finition A ne pas h\u00e9siter , devis rapide<\/p>\n<\/div>\n<\/div><\/div><div id=\"panel-108-1-0-25\" class=\"so-panel widget widget_sow-editor\" data-index=\"28\" ><div class=\"so-widget-sow-editor so-widget-sow-editor-base\">\n<div class=\"siteorigin-widget-tinymce textwidget\">\n\t<p>De: Emilie Henriques Le 26 juillet 2019<\/p>\n<p>L'un des rares professionnel qui se d\u00e9place rapidement pour un devis toiture, disponible pour toutes modifications et devis obtenu rapidement. 1er contact tr\u00e8s satisfaisant<\/p>\n<\/div>\n<\/div><\/div><div id=\"panel-108-1-0-26\" class=\"so-panel widget widget_sow-editor\" data-index=\"29\" ><div class=\"so-widget-sow-editor so-widget-sow-editor-base\">\n<div class=\"siteorigin-widget-tinymce textwidget\">\n\t<p>De:\u00a0Nimmegeers Michel Le 18 avril 2019<\/p>\n<p>Tr\u00e8s satisfait du travail effectu\u00e9. Ouvriers tr\u00e8s comp\u00e9tents, s\u00e9rieux et agr\u00e9ables. Chantier nettoy\u00e9 \u00e0 chaque fin de journ\u00e9e de m\u00eame pour la fin des travaux. Je recommande la Soci\u00e9t\u00e9 GT Couverture.<\/p>\n<\/div>\n<\/div><\/div><div id=\"panel-108-1-0-27\" class=\"so-panel widget widget_sow-editor\" data-index=\"30\" ><div class=\"so-widget-sow-editor so-widget-sow-editor-base\">\n<div class=\"siteorigin-widget-tinymce textwidget\">\n\t<p>De : C\u00e9cile Polfliet<\/p>\n<p>\u00c9quipe tr\u00e8s sympa et agr\u00e9able, tr\u00e8s bon travail et tr\u00e8s s\u00e9rieux. Un grand merci \u00e0 toutes l'\u00e9quipe.<\/p>\n<\/div>\n<\/div><\/div><div id=\"panel-108-1-0-28\" class=\"so-panel widget widget_sow-editor\" data-index=\"31\" ><div class=\"so-widget-sow-editor so-widget-sow-editor-base\">\n<div class=\"siteorigin-widget-tinymce textwidget\">\n\t<p>De : Lamiaux Patrick Le 9 novembre 2017<\/p>\n<p>UN Grand MERCI !<br \/>\nLa soci\u00e9t\u00e9 GT Couvertures nous a donn\u00e9 pleine satisfaction pour l'ex\u00e9cution des travaux de r\u00e9novation de toiture :<br \/>\nCapacit\u00e9 d'adaptation<br \/>\nComp\u00e9tences<br \/>\nQualit\u00e9 de service<br \/>\nBelle collaboration et \u00e9quipe humaine !<br \/>\nBonne continuation \u00e0 vous Tous .<\/p>\n<\/div>\n<\/div><\/div><div id=\"panel-108-1-0-29\" class=\"so-panel widget widget_sow-editor panel-last-child\" data-index=\"32\" ><div class=\"so-widget-sow-editor so-widget-sow-editor-base\">\n<div class=\"siteorigin-widget-tinymce textwidget\">\n\t<p>De : Laure Salingue<\/p>\n<p>Travail de qualit\u00e9.<\/p>\n<\/div>\n<\/div><\/div><\/div><\/div><\/div>","protected":false},"excerpt":{"rendered":"<p>Votre avis sur la prestation nous int\u00e9resse, n&rsquo;h\u00e9sitez pas \u00e0 nous \u00e9crire! De : St\u00e9phane LOBEL le 20 septembre 2025 R\u00e9activit\u00e9 et travail bien fait De : Murielle D&rsquo;HERBOMEZ le 30 avril 2025 Travail vraiment s\u00e9rieux et soign\u00e9. Je recommande &hellip; <a href=\"https:\/\/gt-couvertures.com\/index.php\/avis\/\">Lire la suite\u00ad\u00ad<\/a><\/p>\n","protected":false},"author":1,"featured_media":0,"parent":0,"menu_order":0,"comment_status":"closed","ping_status":"closed","template":"","meta":[],"_links":{"self":[{"href":"https:\/\/gt-couvertures.com\/index.php\/wp-json\/wp\/v2\/pages\/108"}],"collection":[{"href":"https:\/\/gt-couvertures.com\/index.php\/wp-json\/wp\/v2\/pages"}],"about":[{"href":"https:\/\/gt-couvertures.com\/index.php\/wp-json\/wp\/v2\/types\/page"}],"author":[{"embeddable":true,"href":"https:\/\/gt-couvertures.com\/index.php\/wp-json\/wp\/v2\/users\/1"}],"replies":[{"embeddable":true,"href":"https:\/\/gt-couvertures.com\/index.php\/wp-json\/wp\/v2\/comments?post=108"}],"version-history":[{"count":120,"href":"https:\/\/gt-couvertures.com\/index.php\/wp-json\/wp\/v2\/pages\/108\/revisions"}],"predecessor-version":[{"id":1101,"href":"https:\/\/gt-couvertures.com\/index.php\/wp-json\/wp\/v2\/pages\/108\/revisions\/1101"}],"wp:attachment":[{"href":"https:\/\/gt-couvertures.com\/index.php\/wp-json\/wp\/v2\/media?parent=108"}],"curies":[{"name":"wp","href":"https:\/\/api.w.org\/{rel}","templated":true}]}}